{"id":11,"date":"2016-05-15T12:00:15","date_gmt":"2016-05-15T10:00:15","guid":{"rendered":"http:\/\/www.eenpotcreatief.nl\/dirinco\/fr\/?page_id=11"},"modified":"2020-03-26T19:32:01","modified_gmt":"2020-03-26T18:32:01","slug":"contact","status":"publish","type":"page","link":"https:\/\/www.dirinco.com\/fr\/contact\/","title":{"rendered":"Contact"},"content":{"rendered":"<p>Vous pouvez nous contacter 24h\/24, 365 jours par an, pour des pannes, des commandes urgentes ainsi que pour la location d\u2019une machine suppl\u00e9mentaire en cas de probl\u00e8mes de capacit\u00e9 passagers.<\/p>\n<p>Vous pouvez appeler Dirinco pendant et en dehors des heures de bureau au num\u00e9ro suivant:<\/p>\n<p>+ 32 (0)2 262 2078<\/p>\n<p>Envoyer un e-mail. Tous les champs pr\u00e9c\u00e9d\u00e9s d&#8217;un * sont obligatoires.<\/p>\n<h2><\/h2>\n<noscript class=\"ninja-forms-noscript-message\">\n\tBericht: JavaScript is vereist voor deze inhoud.<\/noscript>\nGeen velden gevonden.<div id=\"nf-form-1-cont\" class=\"nf-form-cont\" aria-live=\"polite\" aria-labelledby=\"nf-form-title-1\" aria-describedby=\"nf-form-errors-1\" role=\"form\">\n\n    <div class=\"nf-loading-spinner\"><\/div>\n\n<\/div>\n        <!-- That data is being printed as a workaround to page builders reordering the order of the scripts loaded-->\n        <script>var formDisplay=1;var nfForms=nfForms||[];var form=[];form.id='1';form.settings={\"ninjaForms\":\"Ninja Forms\",\"changeEmailErrorMsg\":\"Voer een geldig e-mailadres in!\",\"changeDateErrorMsg\":\"Vul een geldige datum in!\",\"confirmFieldErrorMsg\":\"Deze velden moeten overeenkomen!\",\"fieldNumberNumMinError\":\"Fout met minimumaantal\",\"fieldNumberNumMaxError\":\"Fout met maximumaantal\",\"fieldNumberIncrementBy\":\"Toenemen met \",\"fieldTextareaRTEInsertLink\":\"Koppeling invoegen\",\"fieldTextareaRTEInsertMedia\":\"Media invoegen\",\"fieldTextareaRTESelectAFile\":\"Selecteer een bestand\",\"formErrorsCorrectErrors\":\"Corrigeer de fouten voordat je dit formulier indient.\",\"formHoneypot\":\"Als je een persoon bent die dit veld ziet, laat je het leeg.\",\"validateRequiredField\":\"Dit is een vereist veld.\",\"honeypotHoneypotError\":\"Honeypot fout\",\"fileUploadOldCodeFileUploadInProgress\":\"Bestand wordt ge\\u00fcpload.\",\"fileUploadOldCodeFileUpload\":\"BESTANDSUPLOAD\",\"currencySymbol\":\"$\",\"fieldsMarkedRequired\":\"Velden die gemarkeerd zijn met een <span class=\\\"ninja-forms-req-symbol\\\">*<\\\/span> zijn vereiste velden\",\"thousands_sep\":\".\",\"decimal_point\":\",\",\"siteLocale\":\"nl_NL\",\"dateFormat\":\"d\\\/m\\\/Y\",\"startOfWeek\":\"1\",\"of\":\"van\",\"previousMonth\":\"Vorige maand\",\"nextMonth\":\"Volgende maand\",\"months\":[\"Januari\",\"Februari\",\"Maart\",\"April\",\"Mei\",\"Juni\",\"Juli\",\"Augustus\",\"September\",\"Oktober\",\"November\",\"December\"],\"monthsShort\":[\"Jan\",\"Feb\",\"Mrt\",\"Apr\",\"Mei\",\"Jun\",\"Jul\",\"Aug\",\"Sep\",\"Okt\",\"Nov\",\"Dec\"],\"weekdays\":[\"Zondag\",\"Maandag\",\"Dinsdag\",\"Woensdag\",\"Donderdag\",\"Vrijdag\",\"Zaterdag\"],\"weekdaysShort\":[\"Zon\",\"Maa\",\"Din\",\"Woe\",\"Don\",\"Vri\",\"Zat\"],\"weekdaysMin\":[\"Zo\",\"Ma\",\"Di\",\"Wo\",\"Do\",\"Vr\",\"Za\"],\"recaptchaConsentMissing\":\"reCaptcha validation couldn&#039;t load.\",\"recaptchaMissingCookie\":\"reCaptcha v3 validation couldn&#039;t load the cookie needed to submit the form.\",\"recaptchaConsentEvent\":\"Accept reCaptcha cookies before sending the form.\",\"embed_form\":\"\",\"currency_symbol\":\"\",\"title\":\"\",\"beforeForm\":\"\",\"beforeFields\":\"\",\"afterFields\":\"\",\"afterForm\":\"\"};form.fields=[];nfForms.push(form);<\/script>\n        ","protected":false},"excerpt":{"rendered":"<p>Vous pouvez nous contacter 24h\/24, 365 jours par an, pour des pannes, des commandes urgentes ainsi que pour la location d\u2019une machine suppl\u00e9mentaire en cas de probl\u00e8mes de capacit\u00e9 passagers. Vous pouvez appeler Dirinco pendant et en dehors des heures de bureau au num\u00e9ro suivant: + 32 (0)2 262 2078 Envoyer un e-mail. Tous les [&hellip;]<\/p>\n","protected":false},"author":1,"featured_media":0,"parent":0,"menu_order":0,"comment_status":"closed","ping_status":"closed","template":"page\/contact.php","meta":{"_acf_changed":false,"footnotes":""},"class_list":["post-11","page","type-page","status-publish","hentry"],"acf":[],"_links":{"self":[{"href":"https:\/\/www.dirinco.com\/fr\/wp-json\/wp\/v2\/pages\/11","targetHints":{"allow":["GET"]}}],"collection":[{"href":"https:\/\/www.dirinco.com\/fr\/wp-json\/wp\/v2\/pages"}],"about":[{"href":"https:\/\/www.dirinco.com\/fr\/wp-json\/wp\/v2\/types\/page"}],"author":[{"embeddable":true,"href":"https:\/\/www.dirinco.com\/fr\/wp-json\/wp\/v2\/users\/1"}],"replies":[{"embeddable":true,"href":"https:\/\/www.dirinco.com\/fr\/wp-json\/wp\/v2\/comments?post=11"}],"version-history":[{"count":23,"href":"https:\/\/www.dirinco.com\/fr\/wp-json\/wp\/v2\/pages\/11\/revisions"}],"predecessor-version":[{"id":1035,"href":"https:\/\/www.dirinco.com\/fr\/wp-json\/wp\/v2\/pages\/11\/revisions\/1035"}],"wp:attachment":[{"href":"https:\/\/www.dirinco.com\/fr\/wp-json\/wp\/v2\/media?parent=11"}],"curies":[{"name":"wp","href":"https:\/\/api.w.org\/{rel}","templated":true}]}}