{"id":2,"date":"2016-05-15T11:41:48","date_gmt":"2016-05-15T09:41:48","guid":{"rendered":"http:\/\/www.eenpotcreatief.nl\/dirinco\/fr\/?page_id=2"},"modified":"2021-01-05T09:10:29","modified_gmt":"2021-01-05T08:10:29","slug":"voorbeeld-pagina","status":"publish","type":"page","link":"https:\/\/www.dirinco.com\/fr\/","title":{"rendered":"Dirinco &#8216;Always innovating&#8217;"},"content":{"rendered":"<p>Dirinco est une organisation qui place le patient au c\u0153ur de ses pr\u00e9occupations et part du principe que la qualit\u00e9 de vie pr\u00e9vaut sur tout le reste. Nos produits et proc\u00e9dures de qualit\u00e9 sup\u00e9rieure ainsi que nos collaborateurs hautement comp\u00e9tents nous aident \u00e0 \u0153uvrer dans ce sens.<\/p>\n<p>Forts d\u2019une exp\u00e9rience de plus de 30 ann\u00e9es dans le domaine de l\u2019insuffisance renale aigu\u00eb et chronique, nous offrons chaque jour des services garants de r\u00e9sultats cliniques optimaux pour le patient et l\u2019utilisateur final. Nous consid\u00e9rons le patient avant tout comme un \u00eatre humain.<\/p>\n<h3 style=\"text-align: center;\"><\/h3>\n","protected":false},"excerpt":{"rendered":"<p>Dirinco est une organisation qui place le patient au c\u0153ur de ses pr\u00e9occupations et part du principe que la qualit\u00e9 de vie pr\u00e9vaut sur tout le reste. Nos produits et proc\u00e9dures de qualit\u00e9 sup\u00e9rieure ainsi que nos collaborateurs hautement comp\u00e9tents nous aident \u00e0 \u0153uvrer dans ce sens. Forts d\u2019une exp\u00e9rience de plus de 30 ann\u00e9es [&hellip;]<\/p>\n","protected":false},"author":1,"featured_media":0,"parent":0,"menu_order":0,"comment_status":"closed","ping_status":"open","template":"page\/home.php","meta":{"_acf_changed":false,"footnotes":""},"class_list":["post-2","page","type-page","status-publish","hentry"],"acf":[],"_links":{"self":[{"href":"https:\/\/www.dirinco.com\/fr\/wp-json\/wp\/v2\/pages\/2","targetHints":{"allow":["GET"]}}],"collection":[{"href":"https:\/\/www.dirinco.com\/fr\/wp-json\/wp\/v2\/pages"}],"about":[{"href":"https:\/\/www.dirinco.com\/fr\/wp-json\/wp\/v2\/types\/page"}],"author":[{"embeddable":true,"href":"https:\/\/www.dirinco.com\/fr\/wp-json\/wp\/v2\/users\/1"}],"replies":[{"embeddable":true,"href":"https:\/\/www.dirinco.com\/fr\/wp-json\/wp\/v2\/comments?post=2"}],"version-history":[{"count":62,"href":"https:\/\/www.dirinco.com\/fr\/wp-json\/wp\/v2\/pages\/2\/revisions"}],"predecessor-version":[{"id":1138,"href":"https:\/\/www.dirinco.com\/fr\/wp-json\/wp\/v2\/pages\/2\/revisions\/1138"}],"wp:attachment":[{"href":"https:\/\/www.dirinco.com\/fr\/wp-json\/wp\/v2\/media?parent=2"}],"curies":[{"name":"wp","href":"https:\/\/api.w.org\/{rel}","templated":true}]}}