{"id":27,"date":"2016-05-15T12:03:35","date_gmt":"2016-05-15T10:03:35","guid":{"rendered":"http:\/\/www.eenpotcreatief.nl\/dirinco\/fr\/?page_id=27"},"modified":"2018-05-14T11:11:33","modified_gmt":"2018-05-14T09:11:33","slug":"service","status":"publish","type":"page","link":"https:\/\/www.dirinco.com\/fr\/service\/","title":{"rendered":"Service"},"content":{"rendered":"<p>Vous pouvez nous contacter 24h\/24, 365 jours par an, pour des pannes, des commandes urgentes ainsi que pour la location d&#8217;une machine suppl\u00e9mentaire en cas de probl\u00e8mes de capacit\u00e9 passagers.<\/p>\n<p>Vous pouvez appeler Dirinco pendant et en dehors des heures de bureau au num\u00e9ro suivant:<\/p>\n<p>+ 32 (0)2 262 2078<\/p>\n","protected":false},"excerpt":{"rendered":"<p>Vous pouvez nous contacter 24h\/24, 365 jours par an, pour des pannes, des commandes urgentes ainsi que pour la location d&#8217;une machine suppl\u00e9mentaire en cas de probl\u00e8mes de capacit\u00e9 passagers. Vous pouvez appeler Dirinco pendant et en dehors des heures de bureau au num\u00e9ro suivant: + 32 (0)2 262 2078<\/p>\n","protected":false},"author":1,"featured_media":0,"parent":0,"menu_order":0,"comment_status":"closed","ping_status":"closed","template":"","meta":{"_acf_changed":false,"footnotes":""},"class_list":["post-27","page","type-page","status-publish","hentry"],"acf":[],"_links":{"self":[{"href":"https:\/\/www.dirinco.com\/fr\/wp-json\/wp\/v2\/pages\/27","targetHints":{"allow":["GET"]}}],"collection":[{"href":"https:\/\/www.dirinco.com\/fr\/wp-json\/wp\/v2\/pages"}],"about":[{"href":"https:\/\/www.dirinco.com\/fr\/wp-json\/wp\/v2\/types\/page"}],"author":[{"embeddable":true,"href":"https:\/\/www.dirinco.com\/fr\/wp-json\/wp\/v2\/users\/1"}],"replies":[{"embeddable":true,"href":"https:\/\/www.dirinco.com\/fr\/wp-json\/wp\/v2\/comments?post=27"}],"version-history":[{"count":14,"href":"https:\/\/www.dirinco.com\/fr\/wp-json\/wp\/v2\/pages\/27\/revisions"}],"predecessor-version":[{"id":857,"href":"https:\/\/www.dirinco.com\/fr\/wp-json\/wp\/v2\/pages\/27\/revisions\/857"}],"wp:attachment":[{"href":"https:\/\/www.dirinco.com\/fr\/wp-json\/wp\/v2\/media?parent=27"}],"curies":[{"name":"wp","href":"https:\/\/api.w.org\/{rel}","templated":true}]}}